{"id":8,"date":"2013-05-21T12:58:58","date_gmt":"2013-05-21T10:58:58","guid":{"rendered":"http:\/\/heckenschutz.de\/?page_id=8"},"modified":"2025-03-09T00:12:24","modified_gmt":"2025-03-08T22:12:24","slug":"startseite","status":"publish","type":"page","link":"http:\/\/heckenschutz.de\/?page_id=8","title":{"rendered":"Wir \u00fcber uns &#8211; Impressum &#8211; Datenschutz"},"content":{"rendered":"<div>\n<h2>\u201cWir \u00fcber uns\u201d<\/h2>\n<p><strong>Arbeitskreis Heckenschutz<br \/>\n(urspr\u00fcnglich im Landkreis L\u00fcchow-Dannenberg\/Wendland \u2013 nun bundesweit)<\/strong><\/p>\n<p>Der \u201eArbeitskreis Heckenschutz\u201c zum Schutz von Hecken und Biotopverbundsystemen ist etwa seit 2002 aktiv.<br \/>\nNaturfreunde informieren \u00fcber die \u00f6kologische Bedeutung der Hecken, beraten, unterst\u00fctzen, dokumentieren (Fotos, Ausstellungen, u.a. zur \u201eKulturellen Landpartie\u201c).<\/p>\n<p>Da vor einiger Zeit die homepage zerst\u00f6rt worden ist, gibt es zur Zeit noch die Internetseiten: <a title=\"Hecken sind in Gefahr - Biotopverbundlinien sichern das \u00dcberleben der Arten\" href=\"http:\/\/www.hecke.wg.vu\">www.hecke.wg.vu<\/a> (und: <a title=\"Hecken in der Landschaft\" href=\"http:\/\/heckeninderlandschaft.npage.de\">www.heckeninderlandschaft.npage.de<\/a>). Nach dem Neuaufbau der homepage: www.heckenschutz.de sollen alle Inhalte \u00fcbernommen werden.<\/p>\n<p>Angestrebt werden:<\/p>\n<ul>\n<li>ein effektiver Schutz der Hecken und <strong>Bitopverbundsysteme<\/strong>,<\/li>\n<li>Verbreitung von \u201ePflegeempfehlungen\u201c zur <strong>naturnahen Pflege von Hecken<\/strong>,<\/li>\n<li>Neuanpflanzungen von Hecken an Nebenwegen f\u00fcr Radfahrer und Wanderer (St\u00e4rkung des sanften Tourismus) \u2013 auch im Rahmen von \u201eAusgleichsma\u00dfnahmen\u201c, die der Schaffung und Abrundung von Biotopverbundsystemen dienen.<\/li>\n<\/ul>\n<p>Immer noch steht leider der Einsatz zur Verhinderung von Naturverst\u00fcmmelungen im Vordergrund: So hie\u00df es in einem Schreiben an Umweltbeh\u00f6rde usw.:<br \/>\n\u201cIn dieser Schneidesaison 2007\/08 \u00fcbertrifft die Brutalit\u00e4t und Unfachlichkeit, mit der an nahezu allen Stra\u00dfen und Wegen im Landkreis Heckengeh\u00f6lze weiter verst\u00fcmmelt und beseitigt und auch gesunde B\u00e4ume mutwillig gef\u00e4llt und zu Karikaturen verschnitten werden, alles bisher Beobachtete.<br \/>\nDie \u201eMa\u00dfnahmen\u201c gehen in der Regel weit \u00fcber die \u201eVerkehrssicherungspflicht\u201c (Freischneiden eines Lichtraumprofils) hinaus! Einzelne B\u00e4ume werden so stark verst\u00fcmmelt, dass eine Erkrankung des Baumes absehbar ist\u2026..<br \/>\nDas Landschaftsbild wird weiter zers\u00e4gt, zerschreddert und verheizt, wenn die Ursachen nicht klar benannt und bek\u00e4mpft werden:\u2026\u201c<\/p>\n<p>Ziel ist die Unterst\u00fctzung einer naturnahen Landwirtschaft und des sanften Tourismus durch die vielf\u00e4ltige \u00f6kologische Funktion der Hecken f\u00fcr Landschafts- und Heimatschutz und die Schaffung der Minimalvoraussetzungen f\u00fcr effektiven Umweltschutz (Biotopverbundsysteme!) bzw. die Erhaltung der Artenvielfalt.<\/p>\n<p>Wie kann man unsere ehrenamtliche Arbeit unterst\u00fctzen?:<\/p>\n<ul>\n<li>Fotografieren Sie (m\u00f6glichst digital) sch\u00fctzenswerte Hecken u. B\u00e4ume, laufende \u201ePflegema\u00dfnahmen\u201c [siehe unseren Protokollbogen], gesch\u00e4ndete Stra\u00dfenr\u00e4nder etc.!<\/li>\n<li>Rufen Sie B\u00fcrgermeister, Untere Naturschutzbeh\u00f6rde, Naturschutzbeauftragte (Landschaftsw\u00e4chter), Polizei und Zeitungsredaktionen und den Arbeitskreis Heckenschutz an <a href=\"mailto:%28info@heckenschutz.de\">(info(\u00e4t)heckenschutz.de<\/a>\u00a0 \u2013 Telefon: siehe unten und \u201cKontakt\u201d)!<\/li>\n<li>Dringen Sie auf Einhaltung von naturnahen Pflegerichtlinien f\u00fcr Hecken an Stra\u00dfen und in der Feldflur!<\/li>\n<li>Nehmen Sie an Veranstaltungen, Pflegeaktionen etc. teil (siehe auch unter: Einladungen und Rundbriefe)!<\/li>\n<li>Setzen Sie sich f\u00fcr unser \u201eKonzept f\u00fcr neue Heckenb\u00e4nder \u00fcberall \u2013 Schaffung von Biotopvernetzungen\u201d ein bei Ihren Kommunalpolitikern, den B\u00fcrgermeistern sowie den Landr\u00e4ten!<\/li>\n<li>Spenden f\u00fcr neue Hecken (z.B. f\u00fcr eine Strecke mit \u201eWildobst\u201c als Attraktion f\u00fcr den Tourismus, ggf. mit \u00f6konomischer Bedeutung als \u201eErntehecke\u201c)!<\/li>\n<li>\u00dcbernehmen Sie Patenschaften f\u00fcr Hecken (ggf. mit Schulen, Kinderg\u00e4rten, Firmen, Vereinen, Sozialeinrichtungen\u2026)!<\/li>\n<li>Pflanzen Sie selbst (ggf. mit Dorfgemeinschaften) neue Hecken, bessern Sie alte Heckenlinien aus!<\/li>\n<li>Unterschreiben Sie f\u00fcr unsere Forderungen und verbreiten Sie unsere Unterschriftenlisten!<\/li>\n<\/ul>\n<p><strong>Arbeitskreis Heckenschutz<\/strong><\/p>\n<p>Herausgeber\/Hilfe\/Administrator<br \/>\nc\/o J\u00fcrgen Kruse<\/p>\n<p>Kapellenweg 1b, 48653 Coesfeld-Lette<\/p>\n<p>T: 02846-9396718<\/p>\n<p>eMail: info(at)heckenschutz.de<\/p>\n<p>siehe auch: \u201c<strong>Kontakte etc<\/strong>. \u2013 Arbeitskreis Heckenschutz ab 2010 \u2013 neu: ANU Wendland\u201d \u2013 www.anu-wendland.de<\/p>\n<p><em><strong>Stand: 21.5.2018<\/strong><\/em><\/p>\n<p>Siehe auch Hinweise auf den Arbeitskreis Heckenschutz und die Themen des Arbeitskreises bei Suchmaschinen im Internet und besonders \u201cHecke\u201d bei <a href=\"http:\/\/www.wikipedia.de\">www.wikipedia.de<\/a>. Auf dieser Internetseite gibt es viele Hinweise auf Empfehlungen, Artikel, Materialien auf Internetadressen (links), die zu \u00e4hnlichen Themen arbeiten. Eine Literaturliste wird fortgeschrieben.<br \/>\nWichtig vor allem unser<br \/>\n-\u201dKonzept f\u00fcr ein neue Heckenb\u00e4nder \u00fcberall \u2013 Schaffung von Biotopvernetzungen\u201d und die<br \/>\n&#8211; Empfehlungen zur naturnahen Heckenpflege: \u201cWie sollen Hecken gepflegt werden? \u2013 Vorschl\u00e4ge f\u00fcr Richtlinien zur Pflege von Hecken\u201d.<\/p>\n<p>Das b\u00fcrgerschaftliche Engagement verschlingt viel Zeit und Geld.<br \/>\n<strong>Daher bitten wir nicht nur um Unterst\u00fctzung des Anliegens und um Mithilfe, sondern auch um Spenden:<\/strong><\/p>\n<p><strong><em>Stichwort \u201eHeckenschutz\u201c<br \/>\nKonto: IBAN: DE67 4804 0035 0677 9094 00<br \/>\n<\/em><\/strong><\/p>\n<p>(BIC: COBADEFFXXX)<\/p>\n<hr \/>\n<p><strong>Haftungsausschlu\u00df\/<br \/>\nACHTUNG:<\/strong><br \/>\n<small>Mit Urteil vom 12. Mai 1998 hat das Landgericht Hamburg entschieden, da\u00df man durch die Einbindung eines Links die Inhalte der gelinkten Seite ggf. mit zu verantworten hat. Dies kann \u2013 so das LG \u2013 nur dadurch verhindert werden, da\u00df man sich ausdr\u00fccklich von diesen Inhalten distanziert. Wir haben Links zu anderen Seiten im Internet gelegt. F\u00fcr all diese Links gilt: Wir m\u00f6chten ausdr\u00fccklich betonen, da\u00df wir keinerlei Einfluss auf die Gestaltung und die Inhalte der gelinkten Seiten haben. Deshalb distanzieren wir uns hiermit ausdr\u00fccklich von allen Inhalten aller gelinkten Seiten auf dieser Homepage und machen uns ihre Inhalte nicht zu eigen. Diese Erkl\u00e4rung gilt f\u00fcr alle auf unsere Homepage ausgebrachten externen Links. Wir \u00fcbernehmen keine Gew\u00e4hr f\u00fcr die Inhalte all dieser Internetver\u00f6ffentlichungen!<\/small><\/p>\n<hr \/>\n<p><a name=\"Impressum\"><\/a><strong>I<a title=\"Impressum\" href=\"http:\/\/heckenschutz.de\/?page_id=327\" target=\"_blank\" rel=\"noopener\">mpressum:<\/a><\/strong>\n<\/div>\n<p>&nbsp;<\/p>\n<p>&nbsp;<\/p>\n","protected":false},"excerpt":{"rendered":"<p>\u201cWir \u00fcber uns\u201d Arbeitskreis Heckenschutz (urspr\u00fcnglich im Landkreis L\u00fcchow-Dannenberg\/Wendland \u2013 nun bundesweit) Der \u201eArbeitskreis Heckenschutz\u201c zum Schutz von Hecken und Biotopverbundsystemen ist etwa seit 2002 aktiv. Naturfreunde informieren \u00fcber die \u00f6kologische Bedeutung der Hecken, beraten, unterst\u00fctzen, dokumentieren (Fotos, Ausstellungen, u.a. zur \u201eKulturellen Landpartie\u201c). Da vor einiger Zeit die homepage zerst\u00f6rt worden ist, gibt es zur [&hellip;]<\/p>\n","protected":false},"author":1,"featured_media":0,"parent":0,"menu_order":0,"comment_status":"open","ping_status":"open","template":"","meta":{"footnotes":""},"class_list":["post-8","page","type-page","status-publish","hentry"],"_links":{"self":[{"href":"http:\/\/heckenschutz.de\/index.php?rest_route=\/wp\/v2\/pages\/8","targetHints":{"allow":["GET"]}}],"collection":[{"href":"http:\/\/heckenschutz.de\/index.php?rest_route=\/wp\/v2\/pages"}],"about":[{"href":"http:\/\/heckenschutz.de\/index.php?rest_route=\/wp\/v2\/types\/page"}],"author":[{"embeddable":true,"href":"http:\/\/heckenschutz.de\/index.php?rest_route=\/wp\/v2\/users\/1"}],"replies":[{"embeddable":true,"href":"http:\/\/heckenschutz.de\/index.php?rest_route=%2Fwp%2Fv2%2Fcomments&post=8"}],"version-history":[{"count":13,"href":"http:\/\/heckenschutz.de\/index.php?rest_route=\/wp\/v2\/pages\/8\/revisions"}],"predecessor-version":[{"id":468,"href":"http:\/\/heckenschutz.de\/index.php?rest_route=\/wp\/v2\/pages\/8\/revisions\/468"}],"wp:attachment":[{"href":"http:\/\/heckenschutz.de\/index.php?rest_route=%2Fwp%2Fv2%2Fmedia&parent=8"}],"curies":[{"name":"wp","href":"https:\/\/api.w.org\/{rel}","templated":true}]}}