{"id":327,"date":"2018-05-26T00:32:35","date_gmt":"2018-05-25T22:32:35","guid":{"rendered":"http:\/\/heckenschutz.de\/?page_id=327"},"modified":"2025-03-09T00:10:50","modified_gmt":"2025-03-08T22:10:50","slug":"impressum","status":"publish","type":"page","link":"http:\/\/heckenschutz.de\/?page_id=327","title":{"rendered":"Impressum"},"content":{"rendered":"<p><a name=\"Impressum\"><\/a><strong>Impressum:<\/strong><\/p>\n<p>Arbeitskreis Heckenschutz<\/p>\n<p>Herausgeber\/Hilfe\/Administrator<br \/>\nc\/o J\u00fcrgen Kruse<br \/>\nKapellenweg 1 B<\/p>\n<p>48653 Coesfeld-Lette<\/p>\n<p>T: 02546-9396718<br \/>\neMail: info(at)heckenschutz.de<\/p>\n<p>Siehe auch AK Heckenschutz unter: www.hecke.wg.vu<\/p>\n<p>Stand: 08.03.2025<\/p>\n<hr \/>\n<p><strong>(1) Haftungsbeschr\u00e4nkung<\/strong><\/p>\n<hr \/>\n<p><small>Links: Mit dem Urteil vom 12. Mai 1998 \u2013 312 O 85\/98 \u2013 \u201cHaftung f\u00fcr Links\u201d hat das Landgericht Hamburg entschieden, da\u00df man durch die Anbringung eines Links, die Inhalte der gelinkten Seite ggf. mit zu verantworten hat. Dies kann nur dadurch verhindert werden, da\u00df man sich ausdr\u00fccklich von diesen Inhalten distanziert. \u201cHiermit distanzieren wir uns ausdr\u00fccklich von allen Inhalten aller gelinkten Seiten auf dieser Website und machen uns diese Inhalte nicht zu eigen. Diese Erkl\u00e4rung gilt f\u00fcr alle auf unserer Website angebrachten Links!\u201d<\/small><\/p>\n<hr \/>\n<p>weiter: Haftungsbeschr\u00e4nkung<\/p>\n<p><strong>Inhalte dieser Website<\/strong><\/p>\n<p>Die Inhalte dieser Website werden mit gr\u00f6\u00dftm\u00f6glicher Sorgfalt erstellt. Der Anbieter \u00fcbernimmt jedoch keine Gew\u00e4hr f\u00fcr die Richtigkeit, Vollst\u00e4ndigkeit und Aktualit\u00e4t der bereitgestellten Inhalte. Die Nutzung der abrufbaren Inhalte erfolgt auf eigene Gefahr des Nutzers. Namentlich gekennzeichnete Beitr\u00e4ge geben die Meinung des jeweiligen Autors und nicht immer die Meinung des Anbieters wieder.<\/p>\n<p><strong>Verf\u00fcgbarkeit der Website<\/strong><\/p>\n<p>Der Anbieter wird sich bem\u00fchen, den Dienst m\u00f6glichst unterbrechungsfrei zum Abruf anzubieten. Auch bei aller Sorgfalt k\u00f6nnen aber Ausfallzeiten nicht ausgeschlossen werden. Der Anbieter beh\u00e4lt sich das Recht vor, sein Angebot jederzeit zu \u00e4ndern oder einzustellen.<\/p>\n<p><strong>Externe Links<\/strong><\/p>\n<p>Diese Website enth\u00e4lt Verkn\u00fcpfungen zu Websites Dritter (\u201cexterne Links\u201d). Diese Websites unterliegen der Haftung der jeweiligen Betreiber. Der Anbieter hat bei der erstmaligen Verkn\u00fcpfung der externen Links die fremden Inhalte daraufhin \u00fcberpr\u00fcft, ob etwaige Rechtsverst\u00f6\u00dfe bestehen. Zu dem Zeitpunkt waren keine Rechtsverst\u00f6\u00dfe ersichtlich. Der Anbieter hat keinerlei Einfluss auf die aktuelle und zuk\u00fcnftige Gestaltung und auf die Inhalte der verkn\u00fcpften Seiten. Das Setzen von externen Links bedeutet nicht, dass sich der Anbieter die hinter dem Verweis oder Link liegenden Inhalte zu Eigen macht. Eine st\u00e4ndige Kontrolle dieser externen Links ist f\u00fcr den Anbieter ohne konkrete Hinweise auf Rechtsverst\u00f6\u00dfe nicht zumutbar. Bei Kenntnis von Rechtsverst\u00f6\u00dfen werden jedoch derartige externe Links unverz\u00fcglich gel\u00f6scht.<\/p>\n<p><strong>Kein Vertragsverh\u00e4ltnis<\/strong><\/p>\n<p>Mit der Nutzung der Website des Anbieters kommt keinerlei Vertragsverh\u00e4ltnis zwischen dem Nutzer und dem Anbieter zustande. Insofern ergeben sich auch keinerlei vertragliche oder quasivertragliche Anspr\u00fcche gegen den Anbieter. F\u00fcr den Fall, dass die Nutzung der Website doch zu einem Vertragsverh\u00e4ltnis f\u00fchren sollte, gilt rein vorsorglich nachfolgende Haftungsbeschr\u00e4nkung: Der Anbieter haftet f\u00fcr Vorsatz und grobe Fahrl\u00e4ssigkeit sowie bei Verletzung einer wesentlichen Vertragspflicht (Kardinalpflicht). Der Anbieter haftet unter Begrenzung auf Ersatz des bei Vertragsschluss vorhersehbaren vertragstypischen Schadens f\u00fcr solche Sch\u00e4den, die auf einer leicht fahrl\u00e4ssigen Verletzung von Kardinalpflichten durch ihn oder eines seiner gesetzlichen Vertreter oder Erf\u00fcllungsgehilfen beruhen. Bei leicht fahrl\u00e4ssiger Verletzung von Nebenpflichten, die keine Kardinalpflichten sind, haftet der Anbieter nicht. Die Haftung f\u00fcr Sch\u00e4den, die in den Schutzbereich einer vom Anbieter gegebenen Garantie oder Zusicherung fallen sowie die Haftung f\u00fcr Anspr\u00fcche aufgrund des Produkthaftungsgesetzes und Sch\u00e4den aus der Verletzung des Lebens, des K\u00f6rpers oder der Gesundheit bleibt hiervon unber\u00fchrt.<\/p>\n<p><strong>(2) Urheberrecht<\/strong><\/p>\n<p>Die auf dieser Website ver\u00f6ffentlichten Inhalte und Werke sind urheberrechtlich gesch\u00fctzt. Jede vom deutschen Urheberrecht nicht zugelassene Verwertung bedarf der vorherigen schriftlichen Zustimmung des jeweiligen Autors oder Urhebers. Dies gilt insbesondere f\u00fcr Vervielf\u00e4ltigung, Bearbeitung, \u00dcbersetzung, Einspeicherung, Verarbeitung bzw. Wiedergabe von Inhalten in Datenbanken oder anderen elektronischen Medien und Systemen. Inhalte und Beitr\u00e4ge Dritter sind dabei als solche gekennzeichnet. Die unerlaubte Vervielf\u00e4ltigung oder Weitergabe einzelner Inhalte oder kompletter Seiten ist nicht gestattet und strafbar. Lediglich die Herstellung von Kopien und Downloads f\u00fcr den pers\u00f6nlichen, privaten und nicht kommerziellen Gebrauch ist erlaubt.<\/p>\n<p>Links zur Website des Anbieters sind jederzeit willkommen und bed\u00fcrfen keiner Zustimmung durch den Anbieter der Website. Die Darstellung dieser Website in fremden Frames ist nur mit Erlaubnis zul\u00e4ssig.<\/p>\n<p>(3) Anwendbares Recht<\/p>\n<p>Es gilt ausschlie\u00dflich das ma\u00dfgebliche Recht der Bundesrepublik Deutschland.<\/p>\n","protected":false},"excerpt":{"rendered":"<p>Impressum: Arbeitskreis Heckenschutz Herausgeber\/Hilfe\/Administrator c\/o J\u00fcrgen Kruse Kapellenweg 1 B 48653 Coesfeld-Lette T: 02546-9396718 eMail: info(at)heckenschutz.de Siehe auch AK Heckenschutz unter: www.hecke.wg.vu Stand: 08.03.2025 (1) Haftungsbeschr\u00e4nkung Links: Mit dem Urteil vom 12. Mai 1998 \u2013 312 O 85\/98 \u2013 \u201cHaftung f\u00fcr Links\u201d hat das Landgericht Hamburg entschieden, da\u00df man durch die Anbringung eines Links, die [&hellip;]<\/p>\n","protected":false},"author":2,"featured_media":0,"parent":0,"menu_order":0,"comment_status":"closed","ping_status":"closed","template":"","meta":{"footnotes":""},"class_list":["post-327","page","type-page","status-publish","hentry"],"_links":{"self":[{"href":"http:\/\/heckenschutz.de\/index.php?rest_route=\/wp\/v2\/pages\/327","targetHints":{"allow":["GET"]}}],"collection":[{"href":"http:\/\/heckenschutz.de\/index.php?rest_route=\/wp\/v2\/pages"}],"about":[{"href":"http:\/\/heckenschutz.de\/index.php?rest_route=\/wp\/v2\/types\/page"}],"author":[{"embeddable":true,"href":"http:\/\/heckenschutz.de\/index.php?rest_route=\/wp\/v2\/users\/2"}],"replies":[{"embeddable":true,"href":"http:\/\/heckenschutz.de\/index.php?rest_route=%2Fwp%2Fv2%2Fcomments&post=327"}],"version-history":[{"count":7,"href":"http:\/\/heckenschutz.de\/index.php?rest_route=\/wp\/v2\/pages\/327\/revisions"}],"predecessor-version":[{"id":467,"href":"http:\/\/heckenschutz.de\/index.php?rest_route=\/wp\/v2\/pages\/327\/revisions\/467"}],"wp:attachment":[{"href":"http:\/\/heckenschutz.de\/index.php?rest_route=%2Fwp%2Fv2%2Fmedia&parent=327"}],"curies":[{"name":"wp","href":"https:\/\/api.w.org\/{rel}","templated":true}]}}